{"id":988020,"date":"2023-10-26T17:23:12","date_gmt":"2023-10-26T17:23:12","guid":{"rendered":"https:\/\/safepitch.org\/?page_id=988020"},"modified":"2026-03-05T23:03:48","modified_gmt":"2026-03-05T23:03:48","slug":"legyel-te-is-onkentes","status":"publish","type":"page","link":"https:\/\/safepitch.org\/hu\/legyel-te-is-onkentes\/","title":{"rendered":"Legy\u00e9l Te is \u00f6nk\u00e9ntes"},"content":{"rendered":"\t\t<div data-elementor-type=\"wp-page\" data-elementor-id=\"988020\" class=\"elementor elementor-988020\" data-elementor-post-type=\"page\">\n\t\t\t\t<div class=\"elementor-element elementor-element-39b0f77 e-flex e-con-boxed e-con e-parent\" data-id=\"39b0f77\" data-element_type=\"container\" data-e-type=\"container\">\n\t\t\t\t\t<div class=\"e-con-inner\">\n\t\t<div class=\"elementor-element elementor-element-86c0c73 e-con-full e-flex e-con e-child\" data-id=\"86c0c73\" data-element_type=\"container\" data-e-type=\"container\">\n\t\t\t\t<div class=\"elementor-element elementor-element-07e9497 elementor-widget elementor-widget-text-editor\" data-id=\"07e9497\" data-element_type=\"widget\" data-e-type=\"widget\" data-widget_type=\"text-editor.default\">\n\t\t\t\t<div class=\"elementor-widget-container\">\n\t\t\t\t\t\t\t\t\t<p><strong>\u00c1llj ki a j\u00e1t\u00e9kosok mellett. Legy\u00e9l te is Safe Pitch \u00f6nk\u00e9ntes.<\/strong><\/p>\n<p>A Safe Pitch k\u00fcldet\u00e9se, hogy megv\u00e9dje a focista n\u0151ket a b\u00e1ntalmaz\u00e1st\u00f3l, zaklat\u00e1st\u00f3l \u00e9s diszkrimin\u00e1ci\u00f3t\u00f3l \u2013 ehhez pedig elk\u00f6telezett \u00f6nk\u00e9ntesekre van sz\u00fcks\u00e9g\u00fcnk.<\/p>\n<p>Ha csatlakozol hozz\u00e1nk, akt\u00edvan hozz\u00e1j\u00e1rulsz egy biztons\u00e1gosabb, befogad\u00f3bb sportk\u00f6z\u00f6ss\u00e9g kialak\u00edt\u00e1s\u00e1hoz.<\/p>\t\t\t\t\t\t\t\t<\/div>\n\t\t\t\t<\/div>\n\t\t\t\t<div class=\"vamtam-has-theme-widget-styles elementor-element elementor-element-baad5eb elementor-invisible elementor-widget elementor-widget-button\" data-id=\"baad5eb\" data-element_type=\"widget\" data-e-type=\"widget\" data-settings=\"{&quot;_animation&quot;:&quot;fadeInUp&quot;,&quot;_animation_tablet&quot;:&quot;none&quot;}\" data-widget_type=\"button.default\">\n\t\t\t\t<div class=\"elementor-widget-container\">\n\t\t\t\t\t\t\t\t\t<div class=\"elementor-button-wrapper\">\n\t\t\t\t\t<a class=\"elementor-button elementor-button-link elementor-size-sm\" href=\"#jobs\">\n\t\t\t\t\t\t<span class=\"elementor-button-content-wrapper\">\n\t\t\t\t\t\t<span class=\"elementor-button-icon\">\n\t\t\t\t<i aria-hidden=\"true\" class=\"vamtamtheme- vamtam-theme-arrow-right-top\"><\/i>\t\t\t<\/span>\n\t\t\t\t\t\t\t\t\t<span class=\"elementor-button-text\">Keress\u00fck az \u00faj csapattagokat<\/span>\n\t\t\t\t\t<\/span>\n\t\t\t\t\t<\/a>\n\t\t\t\t<\/div>\n\t\t\t\t\t\t\t\t<\/div>\n\t\t\t\t<\/div>\n\t\t\t\t<\/div>\n\t\t<div class=\"elementor-element elementor-element-4ed72b9 e-con-full e-flex e-con e-child\" data-id=\"4ed72b9\" data-element_type=\"container\" data-e-type=\"container\">\n\t\t\t\t<div class=\"elementor-element elementor-element-7a4e386 elementor-widget elementor-widget-image\" data-id=\"7a4e386\" data-element_type=\"widget\" data-e-type=\"widget\" data-widget_type=\"image.default\">\n\t\t\t\t<div class=\"elementor-widget-container\">\n\t\t\t\t\t\t\t\t\t\t\t\t\t\t\t<img fetchpriority=\"high\" decoding=\"async\" width=\"2048\" height=\"1065\" src=\"https:\/\/safepitch.org\/wp-content\/uploads\/2025\/10\/volunteer-2048x1065.jpg\" class=\"attachment-2048x2048 size-2048x2048 wp-image-988023\" alt=\"\" srcset=\"https:\/\/safepitch.org\/wp-content\/uploads\/2025\/10\/volunteer-2048x1065.jpg 2048w, https:\/\/safepitch.org\/wp-content\/uploads\/2025\/10\/volunteer-300x156.jpg 300w, https:\/\/safepitch.org\/wp-content\/uploads\/2025\/10\/volunteer-1024x532.jpg 1024w, https:\/\/safepitch.org\/wp-content\/uploads\/2025\/10\/volunteer-768x399.jpg 768w, https:\/\/safepitch.org\/wp-content\/uploads\/2025\/10\/volunteer-1536x798.jpg 1536w\" sizes=\"(max-width: 2048px) 100vw, 2048px\" \/>\t\t\t\t\t\t\t\t\t\t\t\t\t\t\t<\/div>\n\t\t\t\t<\/div>\n\t\t\t\t<\/div>\n\t\t\t\t\t<\/div>\n\t\t\t\t<\/div>\n\t\t<div class=\"elementor-element elementor-element-3539330 e-flex e-con-boxed e-con e-parent\" data-id=\"3539330\" data-element_type=\"container\" data-e-type=\"container\">\n\t\t\t\t\t<div class=\"e-con-inner\">\n\t\t\t\t<div class=\"vamtam-has-theme-widget-styles elementor-element elementor-element-8a8b90d elementor-widget elementor-widget-heading\" data-id=\"8a8b90d\" data-element_type=\"widget\" data-e-type=\"widget\" data-widget_type=\"heading.default\">\n\t\t\t\t<div class=\"elementor-widget-container\">\n\t\t\t\t\t<h6 class=\"elementor-heading-title elementor-size-default\">\u00cdgy tehetsz te is igaz\u00e1n nagy hat\u00e1st<\/h6>\t\t\t\t<\/div>\n\t\t\t\t<\/div>\n\t\t\t\t\t<\/div>\n\t\t\t\t<\/div>\n\t\t<div class=\"elementor-element elementor-element-6dbb6e7 e-flex e-con-boxed e-con e-parent\" data-id=\"6dbb6e7\" data-element_type=\"container\" data-e-type=\"container\">\n\t\t\t\t\t<div class=\"e-con-inner\">\n\t\t<div class=\"elementor-element elementor-element-f8cfc49 e-con-full e-flex e-con e-child\" data-id=\"f8cfc49\" data-element_type=\"container\" data-e-type=\"container\">\n\t\t\t\t<div class=\"vamtam-has-theme-widget-styles elementor-element elementor-element-0fcce73 elementor-widget elementor-widget-heading\" data-id=\"0fcce73\" data-element_type=\"widget\" data-e-type=\"widget\" data-widget_type=\"heading.default\">\n\t\t\t\t<div class=\"elementor-widget-container\">\n\t\t\t\t\t<h2 class=\"elementor-heading-title elementor-size-default\">A te hangod megt\u00f6rheti a csendet. A te id\u0151d megv\u00e9dhet egy j\u00e1t\u00e9kost. A te tetteid megv\u00e1ltoztathatj\u00e1k a j\u00e1t\u00e9kot.<\/h2>\t\t\t\t<\/div>\n\t\t\t\t<\/div>\n\t\t\t\t<div class=\"elementor-element elementor-element-9a89e41 elementor-widget elementor-widget-image\" data-id=\"9a89e41\" data-element_type=\"widget\" data-e-type=\"widget\" data-widget_type=\"image.default\">\n\t\t\t\t<div class=\"elementor-widget-container\">\n\t\t\t\t\t\t\t\t\t\t\t\t\t\t\t<img decoding=\"async\" width=\"687\" height=\"1024\" src=\"https:\/\/safepitch.org\/wp-content\/uploads\/2025\/10\/happy-687x1024.jpg\" class=\"attachment-large size-large wp-image-987827\" alt=\"\" srcset=\"https:\/\/safepitch.org\/wp-content\/uploads\/2025\/10\/happy-687x1024.jpg 687w, https:\/\/safepitch.org\/wp-content\/uploads\/2025\/10\/happy-201x300.jpg 201w, https:\/\/safepitch.org\/wp-content\/uploads\/2025\/10\/happy-768x1145.jpg 768w, https:\/\/safepitch.org\/wp-content\/uploads\/2025\/10\/happy.jpg 924w\" sizes=\"(max-width: 687px) 100vw, 687px\" \/>\t\t\t\t\t\t\t\t\t\t\t\t\t\t\t<\/div>\n\t\t\t\t<\/div>\n\t\t\t\t<div class=\"elementor-element elementor-element-0bca854 elementor-icon-list--layout-traditional elementor-list-item-link-full_width elementor-widget elementor-widget-icon-list\" data-id=\"0bca854\" data-element_type=\"widget\" data-e-type=\"widget\" data-widget_type=\"icon-list.default\">\n\t\t\t\t<div class=\"elementor-widget-container\">\n\t\t\t\t\t\t\t<ul class=\"elementor-icon-list-items\">\n\t\t\t\t\t\t\t<li class=\"elementor-icon-list-item\">\n\t\t\t\t\t\t\t\t\t\t\t<span class=\"elementor-icon-list-icon\">\n\t\t\t\t\t\t\t<i aria-hidden=\"true\" class=\"vamtamtheme- vamtam-theme-long-dash\"><\/i>\t\t\t\t\t\t<\/span>\n\t\t\t\t\t\t\t\t\t\t<span class=\"elementor-icon-list-text\">Mindenkivel egy\u00fcttm\u0171k\u00f6d\u00fcnk<\/span>\n\t\t\t\t\t\t\t\t\t<\/li>\n\t\t\t\t\t\t<\/ul>\n\t\t\t\t\t\t<\/div>\n\t\t\t\t<\/div>\n\t\t\t\t<\/div>\n\t\t<div class=\"elementor-element elementor-element-f63e460 e-con-full e-flex e-con e-child\" data-id=\"f63e460\" data-element_type=\"container\" data-e-type=\"container\">\n\t\t\t\t<div class=\"elementor-element elementor-element-a0e130b elementor-widget elementor-widget-text-editor\" data-id=\"a0e130b\" data-element_type=\"widget\" data-e-type=\"widget\" data-widget_type=\"text-editor.default\">\n\t\t\t\t<div class=\"elementor-widget-container\">\n\t\t\t\t\t\t\t\t\t<p><strong>Hallgasd meg: <\/strong>Legy\u00e9l ott azoknak a j\u00e1t\u00e9kosoknak, akiknek most nagy sz\u00fcks\u00e9g\u00fck van valakire, aki az \u0151 oldalukon \u00e1ll.<\/p><p><strong>H\u00edvd fel a figyelmet: <\/strong>Seg\u00edts felh\u00edvni a figyelmet \u2013 mert a hallgat\u00e1s az, ami v\u00e9di a b\u00e1ntalmaz\u00f3kat.<\/p><p><strong>K\u00f6z\u00f6sen:<\/strong>Csatlakozz esem\u00e9nyeinkhez, kamp\u00e1nyainkhoz, workshopjainkhoz, amelyek val\u00f3di v\u00e1ltoz\u00e1st k\u00f6vetelnek a sportban<\/p><p><strong>Oszd meg a tud\u00e1sod: <\/strong>Legyen sz\u00f3 jogi, orvosi, kreat\u00edv vagy kommunik\u00e1ci\u00f3s szak\u00e9rtelemr\u0151l \u2013 vagy egyszer\u0171en csak az id\u0151dr\u0151l \u2013, minden sz\u00e1m\u00edt \u00e9s \u00e9rt\u00e9kes.<\/p>\t\t\t\t\t\t\t\t<\/div>\n\t\t\t\t<\/div>\n\t\t\t\t<div class=\"elementor-element elementor-element-4a88548 elementor-widget elementor-widget-image\" data-id=\"4a88548\" data-element_type=\"widget\" data-e-type=\"widget\" data-widget_type=\"image.default\">\n\t\t\t\t<div class=\"elementor-widget-container\">\n\t\t\t\t\t\t\t\t\t\t\t\t\t\t\t<img decoding=\"async\" width=\"746\" height=\"642\" src=\"https:\/\/safepitch.org\/wp-content\/uploads\/2025\/10\/team2.jpg\" class=\"attachment-1536x1536 size-1536x1536 wp-image-987828\" alt=\"\" srcset=\"https:\/\/safepitch.org\/wp-content\/uploads\/2025\/10\/team2.jpg 746w, https:\/\/safepitch.org\/wp-content\/uploads\/2025\/10\/team2-300x258.jpg 300w\" sizes=\"(max-width: 746px) 100vw, 746px\" \/>\t\t\t\t\t\t\t\t\t\t\t\t\t\t\t<\/div>\n\t\t\t\t<\/div>\n\t\t\t\t<div class=\"elementor-element elementor-element-4c1f5db elementor-icon-list--layout-traditional elementor-list-item-link-full_width elementor-widget elementor-widget-icon-list\" data-id=\"4c1f5db\" data-element_type=\"widget\" data-e-type=\"widget\" data-widget_type=\"icon-list.default\">\n\t\t\t\t<div class=\"elementor-widget-container\">\n\t\t\t\t\t\t\t<ul class=\"elementor-icon-list-items\">\n\t\t\t\t\t\t\t<li class=\"elementor-icon-list-item\">\n\t\t\t\t\t\t\t\t\t\t<span class=\"elementor-icon-list-text\">K\u00f6sz\u00f6nj\u00fck, ha fontol\u00f3ra veszed \u2013 minden egyes ember, aki mell\u00e9nk \u00e1ll, k\u00f6zelebb visz minket egy igazs\u00e1gosabb futballvil\u00e1g fel\u00e9.<\/span>\n\t\t\t\t\t\t\t\t\t<\/li>\n\t\t\t\t\t\t<\/ul>\n\t\t\t\t\t\t<\/div>\n\t\t\t\t<\/div>\n\t\t\t\t<\/div>\n\t\t\t\t\t<\/div>\n\t\t\t\t<\/div>\n\t\t\t\t<\/div>\n\t\t","protected":false},"excerpt":{"rendered":"<p>Legy\u00e9l Te is \u00f6nk\u00e9ntes<\/p>\n","protected":false},"author":2,"featured_media":988023,"parent":0,"menu_order":0,"comment_status":"closed","ping_status":"closed","template":"","meta":{"footnotes":""},"class_list":["post-988020","page","type-page","status-publish","has-post-thumbnail","hentry"],"_links":{"self":[{"href":"https:\/\/safepitch.org\/hu\/wp-json\/wp\/v2\/pages\/988020","targetHints":{"allow":["GET"]}}],"collection":[{"href":"https:\/\/safepitch.org\/hu\/wp-json\/wp\/v2\/pages"}],"about":[{"href":"https:\/\/safepitch.org\/hu\/wp-json\/wp\/v2\/types\/page"}],"author":[{"embeddable":true,"href":"https:\/\/safepitch.org\/hu\/wp-json\/wp\/v2\/users\/2"}],"replies":[{"embeddable":true,"href":"https:\/\/safepitch.org\/hu\/wp-json\/wp\/v2\/comments?post=988020"}],"version-history":[{"count":3,"href":"https:\/\/safepitch.org\/hu\/wp-json\/wp\/v2\/pages\/988020\/revisions"}],"predecessor-version":[{"id":988026,"href":"https:\/\/safepitch.org\/hu\/wp-json\/wp\/v2\/pages\/988020\/revisions\/988026"}],"wp:featuredmedia":[{"embeddable":true,"href":"https:\/\/safepitch.org\/hu\/wp-json\/wp\/v2\/media\/988023"}],"wp:attachment":[{"href":"https:\/\/safepitch.org\/hu\/wp-json\/wp\/v2\/media?parent=988020"}],"curies":[{"name":"wp","href":"https:\/\/api.w.org\/{rel}","templated":true}]}}