{"id":988014,"date":"2023-10-27T10:41:48","date_gmt":"2023-10-27T10:41:48","guid":{"rendered":"https:\/\/safepitch.org\/?page_id=988014"},"modified":"2026-03-06T00:32:24","modified_gmt":"2026-03-06T00:32:24","slug":"lepesrol-lepesre-utmutato-hogyan-segitunk-neked","status":"publish","type":"page","link":"https:\/\/safepitch.org\/hu\/lepesrol-lepesre-utmutato-hogyan-segitunk-neked\/","title":{"rendered":"L\u00e9p\u00e9sr\u0151l l\u00e9p\u00e9sre \u00fatmutat\u00f3 \u2013 Hogyan seg\u00edt\u00fcnk neked"},"content":{"rendered":"\t\t<div data-elementor-type=\"wp-page\" data-elementor-id=\"988014\" class=\"elementor elementor-988014\" data-elementor-post-type=\"page\">\n\t\t\t\t<div class=\"elementor-element elementor-element-38388f9 e-flex e-con-boxed e-con e-parent\" data-id=\"38388f9\" data-element_type=\"container\" data-e-type=\"container\">\n\t\t\t\t\t<div class=\"e-con-inner\">\n\t\t\t\t<div class=\"elementor-element elementor-element-92d043b elementor-absolute elementor-widget elementor-widget-menu-anchor\" data-id=\"92d043b\" data-element_type=\"widget\" data-e-type=\"widget\" data-settings=\"{&quot;_position&quot;:&quot;absolute&quot;}\" data-widget_type=\"menu-anchor.default\">\n\t\t\t\t<div class=\"elementor-widget-container\">\n\t\t\t\t\t\t\t<div class=\"elementor-menu-anchor\" id=\"design\"><\/div>\n\t\t\t\t\t\t<\/div>\n\t\t\t\t<\/div>\n\t\t<div class=\"elementor-element elementor-element-eadb73e e-con-full e-flex e-con e-child\" data-id=\"eadb73e\" data-element_type=\"container\" data-e-type=\"container\">\n\t\t\t\t<div class=\"vamtam-has-theme-widget-styles elementor-element elementor-element-44ff3a1 elementor-widget elementor-widget-heading\" data-id=\"44ff3a1\" data-element_type=\"widget\" data-e-type=\"widget\" data-widget_type=\"heading.default\">\n\t\t\t\t<div class=\"elementor-widget-container\">\n\t\t\t\t\t<h6 class=\"elementor-heading-title elementor-size-default\">Biztons\u00e1gos, bizalmas \u00e9s f\u00fcggetlen<\/h6>\t\t\t\t<\/div>\n\t\t\t\t<\/div>\n\t\t\t\t<\/div>\n\t\t<div class=\"elementor-element elementor-element-1c7dd46 e-con-full e-flex e-con e-child\" data-id=\"1c7dd46\" data-element_type=\"container\" data-e-type=\"container\">\n\t\t<div class=\"elementor-element elementor-element-9374614 e-con-full e-flex e-con e-child\" data-id=\"9374614\" data-element_type=\"container\" data-e-type=\"container\">\n\t\t\t\t<div class=\"vamtam-has-theme-widget-styles elementor-element elementor-element-cc315fb elementor-widget elementor-widget-heading\" data-id=\"cc315fb\" data-element_type=\"widget\" data-e-type=\"widget\" data-settings=\"{&quot;motion_fx_motion_fx_scrolling&quot;:&quot;yes&quot;,&quot;motion_fx_devices&quot;:[&quot;desktop&quot;,&quot;tablet&quot;,&quot;mobile&quot;]}\" data-widget_type=\"heading.default\">\n\t\t\t\t<div class=\"elementor-widget-container\">\n\t\t\t\t\t<h3 class=\"elementor-heading-title elementor-size-default\">Elk\u00f6telezettek vagyunk amellett, hogy biztons\u00e1gos, bizalmas \u00e9s t\u00e1mogat\u00f3 m\u00f3don seg\u00edts\u00fcnk neked eligazodni. A fizikai \u00e9s lelki b\u00e1ntalmaz\u00e1st, megk\u00fcl\u00f6nb\u00f6ztet\u00e9st a FIFA \u00e9s az UEFA hat\u00e1rozattban tiltja. \u00cdme, amire sz\u00e1m\u00edthatsz - l\u00e9p\u00e9sr\u0151l l\u00e9p\u00e9sre:<\/h3>\t\t\t\t<\/div>\n\t\t\t\t<\/div>\n\t\t\t\t<\/div>\n\t\t<div class=\"elementor-element elementor-element-b2133ac e-con-full e-flex e-con e-child\" data-id=\"b2133ac\" data-element_type=\"container\" data-e-type=\"container\">\n\t\t\t\t<div class=\"vamtam-has-theme-widget-styles elementor-element elementor-element-247164f elementor-widget elementor-widget-heading\" data-id=\"247164f\" data-element_type=\"widget\" data-e-type=\"widget\" data-settings=\"{&quot;motion_fx_motion_fx_scrolling&quot;:&quot;yes&quot;,&quot;motion_fx_devices&quot;:[&quot;desktop&quot;,&quot;tablet&quot;,&quot;mobile&quot;]}\" data-widget_type=\"heading.default\">\n\t\t\t\t<div class=\"elementor-widget-container\">\n\t\t\t\t\t<h3 class=\"elementor-heading-title elementor-size-default\">1. L\u00c9P\u00c9S: N\u00e9vtelen bejelent\u00e9s \u00e9s \u00fatmutat\u00e1s<\/h3>\t\t\t\t<\/div>\n\t\t\t\t<\/div>\n\t\t\t\t<div class=\"elementor-element elementor-element-fdaf8fb elementor-widget elementor-widget-text-editor\" data-id=\"fdaf8fb\" data-element_type=\"widget\" data-e-type=\"widget\" data-widget_type=\"text-editor.default\">\n\t\t\t\t<div class=\"elementor-widget-container\">\n\t\t\t\t\t\t\t\t\t<p><strong>Teljesen n\u00e9vtelen\u00fcl<\/strong> teheted meg a bejelent\u00e9st a platformunkon kereszt\u00fcl. Amint meg\u00e9rkezik a jelent\u00e9sed, megfelel\u0151 \u00fatmutat\u00e1st adunk neked, t\u00f6bbek k\u00f6z\u00f6tt <strong>megb\u00edzhat\u00f3 szakemberekhez<\/strong> \u00e9s seg\u00edt\u0151 szervezetekhez ir\u00e1ny\u00edtunk, hogy minden t\u00e1mogat\u00e1st meg kapj.<\/p>\t\t\t\t\t\t\t\t<\/div>\n\t\t\t\t<\/div>\n\t\t\t\t<div class=\"vamtam-has-theme-widget-styles elementor-element elementor-element-b394c90 elementor-widget elementor-widget-heading\" data-id=\"b394c90\" data-element_type=\"widget\" data-e-type=\"widget\" data-settings=\"{&quot;motion_fx_motion_fx_scrolling&quot;:&quot;yes&quot;,&quot;motion_fx_devices&quot;:[&quot;desktop&quot;,&quot;tablet&quot;,&quot;mobile&quot;]}\" data-widget_type=\"heading.default\">\n\t\t\t\t<div class=\"elementor-widget-container\">\n\t\t\t\t\t<h3 class=\"elementor-heading-title elementor-size-default\">2. L\u00c9P\u00c9S: Mi kivizsg\u00e1ljuk az \u00fcgyet<\/h3>\t\t\t\t<\/div>\n\t\t\t\t<\/div>\n\t\t\t\t<div class=\"elementor-element elementor-element-e6ba14b elementor-widget elementor-widget-text-editor\" data-id=\"e6ba14b\" data-element_type=\"widget\" data-e-type=\"widget\" data-widget_type=\"text-editor.default\">\n\t\t\t\t<div class=\"elementor-widget-container\">\n\t\t\t\t\t\t\t\t\t<p>A bejelent\u00e9sed k\u00e9zhezv\u00e9tele ut\u00e1n csapatunk<strong> alapos kivizsg\u00e1l\u00e1st<\/strong> ind\u00edt, hogy pontosan meg\u00e9rts\u00fck a helyzetet, \u00e9s \u00f6sszegy\u0171jts\u00fck a sz\u00fcks\u00e9ges inform\u00e1ci\u00f3kat.<\/p>\t\t\t\t\t\t\t\t<\/div>\n\t\t\t\t<\/div>\n\t\t\t\t<div class=\"vamtam-has-theme-widget-styles elementor-element elementor-element-a5bdfdf elementor-widget elementor-widget-heading\" data-id=\"a5bdfdf\" data-element_type=\"widget\" data-e-type=\"widget\" data-settings=\"{&quot;motion_fx_motion_fx_scrolling&quot;:&quot;yes&quot;,&quot;motion_fx_devices&quot;:[&quot;desktop&quot;,&quot;tablet&quot;,&quot;mobile&quot;]}\" data-widget_type=\"heading.default\">\n\t\t\t\t<div class=\"elementor-widget-container\">\n\t\t\t\t\t<h3 class=\"elementor-heading-title elementor-size-default\">3. L\u00c9P\u00c9S: Hivatalos panasz beny\u00fajt\u00e1sa az MLSZ-hez \/ UEFA-hoz<\/h3>\t\t\t\t<\/div>\n\t\t\t\t<\/div>\n\t\t\t\t<div class=\"elementor-element elementor-element-6d3d5f8 elementor-widget elementor-widget-text-editor\" data-id=\"6d3d5f8\" data-element_type=\"widget\" data-e-type=\"widget\" data-widget_type=\"text-editor.default\">\n\t\t\t\t<div class=\"elementor-widget-container\">\n\t\t\t\t\t\t\t\t\t<p>Ha a helyzet indokolja, hivatalos panaszt ny\u00fajtunk be az MLSZ-hez \u00e9s\/vagy az UEFA-hoz. Ezt k\u00f6vet\u0151en folyamatosan nyomon k\u00f6vetj\u00fck az \u00fcgyet, hogy biztos\u00edtsuk a megfelel\u0151 kivizsg\u00e1l\u00e1s lefolytat\u00e1s\u00e1t.<\/p>\t\t\t\t\t\t\t\t<\/div>\n\t\t\t\t<\/div>\n\t\t\t\t<div class=\"vamtam-has-theme-widget-styles elementor-element elementor-element-6577c35 elementor-widget elementor-widget-heading\" data-id=\"6577c35\" data-element_type=\"widget\" data-e-type=\"widget\" data-settings=\"{&quot;motion_fx_motion_fx_scrolling&quot;:&quot;yes&quot;,&quot;motion_fx_devices&quot;:[&quot;desktop&quot;,&quot;tablet&quot;,&quot;mobile&quot;]}\" data-widget_type=\"heading.default\">\n\t\t\t\t<div class=\"elementor-widget-container\">\n\t\t\t\t\t<h3 class=\"elementor-heading-title elementor-size-default\">4. L\u00c9P\u00c9S: Folyamatos t\u00e1mogat\u00e1s \u00e9s sz\u00fcks\u00e9g eset\u00e9n eszkal\u00e1ci\u00f3<\/h3>\t\t\t\t<\/div>\n\t\t\t\t<\/div>\n\t\t\t\t<div class=\"elementor-element elementor-element-b69eab7 elementor-widget elementor-widget-text-editor\" data-id=\"b69eab7\" data-element_type=\"widget\" data-e-type=\"widget\" data-widget_type=\"text-editor.default\">\n\t\t\t\t<div class=\"elementor-widget-container\">\n\t\t\t\t\t\t\t\t\t<p>Ha az \u00fcgy nem rendez\u0151dik, vagy tov\u00e1bb s\u00falyosbodik, seg\u00edt\u00fcnk \u00f6sszek\u00f6tni t\u00e9ged <strong>szakmai enged\u00e9llyel rendelkez\u0151 tan\u00e1csad\u00f3kkal \u00e9s k\u00e9pzett szakemberekkel<\/strong>. Sz\u00fcks\u00e9g eset\u00e9n a panaszt <strong>megfelel\u0151 szab\u00e1lyoz\u00f3 vagy jogi f\u00f3rumokhoz<\/strong> is tov\u00e1bb\u00edtjuk, hogy az \u00fcgyet \u00e9rdemben kezelj\u00e9k.<\/p>\n<p>Ez a folyamat az\u00e9rt van, hogy te biztons\u00e1gban \u00e9rezd magad, \u00e9s ne egyed\u00fcl kelljen szemben\u00e9zned a neh\u00e9zs\u00e9gekkel. Ha b\u00e1rmikor k\u00e9rd\u00e9sed van, nyugodtan jelezd!<\/p>\t\t\t\t\t\t\t\t<\/div>\n\t\t\t\t<\/div>\n\t\t\t\t<\/div>\n\t\t\t\t<\/div>\n\t\t\t\t\t<\/div>\n\t\t\t\t<\/div>\n\t\t<div class=\"elementor-element elementor-element-5dcef8c e-flex e-con-boxed e-con e-parent\" data-id=\"5dcef8c\" data-element_type=\"container\" data-e-type=\"container\" data-settings=\"{&quot;background_background&quot;:&quot;classic&quot;}\">\n\t\t\t\t\t<div class=\"e-con-inner\">\n\t\t\t\t<div class=\"vamtam-has-theme-widget-styles elementor-element elementor-element-9673399 elementor-invisible elementor-widget elementor-widget-heading\" data-id=\"9673399\" data-element_type=\"widget\" data-e-type=\"widget\" data-settings=\"{&quot;_animation&quot;:&quot;fadeIn&quot;,&quot;_animation_tablet&quot;:&quot;none&quot;}\" data-widget_type=\"heading.default\">\n\t\t\t\t<div class=\"elementor-widget-container\">\n\t\t\t\t\t<h2 class=\"elementor-heading-title elementor-size-default\">Latest News<\/h2>\t\t\t\t<\/div>\n\t\t\t\t<\/div>\n\t\t\t\t<div class=\"elementor-element elementor-element-9a2d4fa elementor-widget elementor-widget-spacer\" data-id=\"9a2d4fa\" data-element_type=\"widget\" data-e-type=\"widget\" data-widget_type=\"spacer.default\">\n\t\t\t\t<div class=\"elementor-widget-container\">\n\t\t\t\t\t\t\t<div class=\"elementor-spacer\">\n\t\t\t<div class=\"elementor-spacer-inner\"><\/div>\n\t\t<\/div>\n\t\t\t\t\t\t<\/div>\n\t\t\t\t<\/div>\n\t\t\t\t<div class=\"vamtam-has-theme-widget-styles elementor-element elementor-element-cb4f095 elementor-pagination-type-bullets elementor-pagination-position-outside elementor-widget elementor-widget-loop-carousel\" data-id=\"cb4f095\" data-element_type=\"widget\" data-e-type=\"widget\" data-settings=\"{&quot;template_id&quot;:168,&quot;slides_to_show&quot;:&quot;2&quot;,&quot;image_spacing_custom&quot;:{&quot;unit&quot;:&quot;px&quot;,&quot;size&quot;:0,&quot;sizes&quot;:[]},&quot;offset_sides&quot;:&quot;right&quot;,&quot;offset_width&quot;:{&quot;unit&quot;:&quot;px&quot;,&quot;size&quot;:100,&quot;sizes&quot;:[]},&quot;speed&quot;:800,&quot;offset_width_mobile&quot;:{&quot;unit&quot;:&quot;px&quot;,&quot;size&quot;:0,&quot;sizes&quot;:[]},&quot;slides_to_scroll_tablet&quot;:&quot;1&quot;,&quot;image_spacing_custom_mobile&quot;:{&quot;unit&quot;:&quot;px&quot;,&quot;size&quot;:20,&quot;sizes&quot;:[]},&quot;_skin&quot;:&quot;post&quot;,&quot;slides_to_show_tablet&quot;:&quot;2&quot;,&quot;slides_to_show_mobile&quot;:&quot;1&quot;,&quot;slides_to_scroll&quot;:&quot;1&quot;,&quot;edit_handle_selector&quot;:&quot;.elementor-loop-container&quot;,&quot;infinite&quot;:&quot;yes&quot;,&quot;offset_width_tablet&quot;:{&quot;unit&quot;:&quot;px&quot;,&quot;size&quot;:&quot;&quot;,&quot;sizes&quot;:[]},&quot;pagination&quot;:&quot;bullets&quot;,&quot;image_spacing_custom_tablet&quot;:{&quot;unit&quot;:&quot;px&quot;,&quot;size&quot;:&quot;&quot;,&quot;sizes&quot;:[]}}\" data-widget_type=\"loop-carousel.post\">\n\t\t\t\t<div class=\"elementor-widget-container\">\n\t\t\t\t\t\t\t<div class=\"e-loop-nothing-found-message\">\n\t\t<\/div>\n\t\t\t\t\t\t<\/div>\n\t\t\t\t<\/div>\n\t\t\t\t\t<\/div>\n\t\t\t\t<\/div>\n\t\t\t\t<\/div>\n\t\t","protected":false},"excerpt":{"rendered":"<p>L\u00e9p\u00e9sr\u0151l l\u00e9p\u00e9sre \u2013 Hogyan seg\u00edt\u00fcnk neked<\/p>\n","protected":false},"author":2,"featured_media":0,"parent":0,"menu_order":0,"comment_status":"closed","ping_status":"closed","template":"","meta":{"footnotes":""},"class_list":["post-988014","page","type-page","status-publish","hentry"],"_links":{"self":[{"href":"https:\/\/safepitch.org\/hu\/wp-json\/wp\/v2\/pages\/988014","targetHints":{"allow":["GET"]}}],"collection":[{"href":"https:\/\/safepitch.org\/hu\/wp-json\/wp\/v2\/pages"}],"about":[{"href":"https:\/\/safepitch.org\/hu\/wp-json\/wp\/v2\/types\/page"}],"author":[{"embeddable":true,"href":"https:\/\/safepitch.org\/hu\/wp-json\/wp\/v2\/users\/2"}],"replies":[{"embeddable":true,"href":"https:\/\/safepitch.org\/hu\/wp-json\/wp\/v2\/comments?post=988014"}],"version-history":[{"count":7,"href":"https:\/\/safepitch.org\/hu\/wp-json\/wp\/v2\/pages\/988014\/revisions"}],"predecessor-version":[{"id":988058,"href":"https:\/\/safepitch.org\/hu\/wp-json\/wp\/v2\/pages\/988014\/revisions\/988058"}],"wp:attachment":[{"href":"https:\/\/safepitch.org\/hu\/wp-json\/wp\/v2\/media?parent=988014"}],"curies":[{"name":"wp","href":"https:\/\/api.w.org\/{rel}","templated":true}]}}