{"id":987978,"date":"2023-11-10T08:17:17","date_gmt":"2023-11-10T08:17:17","guid":{"rendered":"https:\/\/safepitch.org\/rolunk\/"},"modified":"2026-02-26T17:53:13","modified_gmt":"2026-02-26T17:53:13","slug":"rolunk","status":"publish","type":"page","link":"https:\/\/safepitch.org\/hu\/rolunk\/","title":{"rendered":"R\u00f3lunk"},"content":{"rendered":"\t\t<div data-elementor-type=\"wp-page\" data-elementor-id=\"987978\" class=\"elementor elementor-987978\" data-elementor-post-type=\"page\">\n\t\t\t\t<div class=\"elementor-element elementor-element-af2a9d3 e-flex e-con-boxed e-con e-parent\" data-id=\"af2a9d3\" data-element_type=\"container\" data-e-type=\"container\">\n\t\t\t\t\t<div class=\"e-con-inner\">\n\t\t<div class=\"elementor-element elementor-element-1ad1d3c e-con-full e-flex e-con e-child\" data-id=\"1ad1d3c\" data-element_type=\"container\" data-e-type=\"container\">\n\t\t\t\t<div class=\"elementor-element elementor-element-10772df elementor-widget elementor-widget-text-editor\" data-id=\"10772df\" data-element_type=\"widget\" data-e-type=\"widget\" data-widget_type=\"text-editor.default\">\n\t\t\t\t<div class=\"elementor-widget-container\">\n\t\t\t\t\t\t\t\t\t<p>Magyarorsz\u00e1gon m\u00e9lyen gy\u00f6kerezik a labdar\u00fag\u00e1s ir\u00e1nti szenved\u00e9ly. Sok n\u0151 \u00e9s l\u00e1ny sz\u00e1m\u00e1ra azonban a szeretett sport \u0171z\u00e9se nemcsak \u00e1lom, hanem kih\u00edv\u00e1sokkal is j\u00e1r \u2014 olyan kih\u00edv\u00e1sokkal, amelyek vesz\u00e9lyeztethetik biztons\u00e1gukat, egyenl\u0151s\u00e9g\u00fcket \u00e9s emberi m\u00e9lt\u00f3s\u00e1gukat.<\/p>\t\t\t\t\t\t\t\t<\/div>\n\t\t\t\t<\/div>\n\t\t\t\t<\/div>\n\t\t<div class=\"elementor-element elementor-element-fade729 e-con-full e-flex e-con e-child\" data-id=\"fade729\" data-element_type=\"container\" data-e-type=\"container\">\n\t\t\t\t<div class=\"elementor-element elementor-element-f4a0774 elementor-widget elementor-widget-image\" data-id=\"f4a0774\" data-element_type=\"widget\" data-e-type=\"widget\" data-widget_type=\"image.default\">\n\t\t\t\t<div class=\"elementor-widget-container\">\n\t\t\t\t\t\t\t\t\t\t\t\t\t\t\t<img fetchpriority=\"high\" decoding=\"async\" width=\"2048\" height=\"1048\" src=\"https:\/\/safepitch.org\/wp-content\/uploads\/2025\/10\/player-2048x1048.jpg\" class=\"attachment-2048x2048 size-2048x2048 wp-image-987987\" alt=\"\" srcset=\"https:\/\/safepitch.org\/wp-content\/uploads\/2025\/10\/player-2048x1048.jpg 2048w, https:\/\/safepitch.org\/wp-content\/uploads\/2025\/10\/player-300x154.jpg 300w, https:\/\/safepitch.org\/wp-content\/uploads\/2025\/10\/player-1024x524.jpg 1024w, https:\/\/safepitch.org\/wp-content\/uploads\/2025\/10\/player-768x393.jpg 768w, https:\/\/safepitch.org\/wp-content\/uploads\/2025\/10\/player-1536x786.jpg 1536w\" sizes=\"(max-width: 2048px) 100vw, 2048px\" \/>\t\t\t\t\t\t\t\t\t\t\t\t\t\t\t<\/div>\n\t\t\t\t<\/div>\n\t\t\t\t<\/div>\n\t\t\t\t\t<\/div>\n\t\t\t\t<\/div>\n\t\t<div class=\"elementor-element elementor-element-976f0d4 e-flex e-con-boxed e-con e-parent\" data-id=\"976f0d4\" data-element_type=\"container\" data-e-type=\"container\">\n\t\t\t\t\t<div class=\"e-con-inner\">\n\t\t<div class=\"elementor-element elementor-element-183222d e-con-full e-flex e-con e-child\" data-id=\"183222d\" data-element_type=\"container\" data-e-type=\"container\">\n\t\t\t\t<div class=\"vamtam-has-theme-widget-styles elementor-element elementor-element-e922b18 elementor-widget elementor-widget-heading\" data-id=\"e922b18\" data-element_type=\"widget\" data-e-type=\"widget\" data-widget_type=\"heading.default\">\n\t\t\t\t<div class=\"elementor-widget-container\">\n\t\t\t\t\t<h6 class=\"elementor-heading-title elementor-size-default\">J\u00e1t\u00e9kosok Jogai<\/h6>\t\t\t\t<\/div>\n\t\t\t\t<\/div>\n\t\t\t\t<\/div>\n\t\t<div class=\"elementor-element elementor-element-75739a6 e-con-full e-flex e-con e-child\" data-id=\"75739a6\" data-element_type=\"container\" data-e-type=\"container\">\n\t\t\t\t<div class=\"vamtam-has-theme-widget-styles elementor-element elementor-element-56686cf vamtam-has-text-reveal-anim elementor-widget elementor-widget-heading\" data-id=\"56686cf\" data-element_type=\"widget\" data-e-type=\"widget\" data-settings=\"{&quot;motion_fx_motion_fx_scrolling&quot;:&quot;yes&quot;,&quot;motion_fx_devices&quot;:[&quot;desktop&quot;,&quot;tablet&quot;,&quot;mobile&quot;]}\" data-widget_type=\"heading.default\">\n\t\t\t\t<div class=\"elementor-widget-container\">\n\t\t\t\t\t<h2 class=\"elementor-heading-title elementor-size-default\">Kicsi, de elk\u00f6telezett k\u00f6z\u00f6ss\u00e9g vagyunk, akik szorosan k\u00f6t\u0151dnek a magyar labdar\u00fag\u00e1shoz \u2014 j\u00e1t\u00e9kosok, sz\u00fcl\u0151k, edz\u0151k \u00e9s t\u00e1mogat\u00f3k \u2014 \u00e9s akik v\u00e1ltoz\u00e1st szeretn\u00e9nek el\u00e9rni. Hit\u00fcnk egyszer\u0171, m\u00e9gis alapvet\u0151: <b>minden n\u0151nek \u00e9s l\u00e1nynak joga van ahhoz, hogy biztons\u00e1gos, egyenl\u0151 \u00e9s tiszteletteljes k\u00f6rnyezetben j\u00e1tssza a j\u00e1t\u00e9kot.<\/b><\/h2>\t\t\t\t<\/div>\n\t\t\t\t<\/div>\n\t\t\t\t<\/div>\n\t\t\t\t\t<\/div>\n\t\t\t\t<\/div>\n\t\t<div class=\"elementor-element elementor-element-6501c88 e-flex e-con-boxed e-con e-parent\" data-id=\"6501c88\" data-element_type=\"container\" data-e-type=\"container\">\n\t\t\t\t\t<div class=\"e-con-inner\">\n\t\t<div class=\"elementor-element elementor-element-dc3e336 e-con-full e-flex e-con e-child\" data-id=\"dc3e336\" data-element_type=\"container\" data-e-type=\"container\">\n\t\t\t\t<div class=\"vamtam-has-theme-widget-styles elementor-element elementor-element-aa00a62 elementor-widget elementor-widget-heading\" data-id=\"aa00a62\" data-element_type=\"widget\" data-e-type=\"widget\" data-widget_type=\"heading.default\">\n\t\t\t\t<div class=\"elementor-widget-container\">\n\t\t\t\t\t<h6 class=\"elementor-heading-title elementor-size-default\">Anonimit\u00e1s<\/h6>\t\t\t\t<\/div>\n\t\t\t\t<\/div>\n\t\t\t\t<\/div>\n\t\t<div class=\"elementor-element elementor-element-e1cc632 e-con-full e-flex e-con e-child\" data-id=\"e1cc632\" data-element_type=\"container\" data-e-type=\"container\">\n\t\t\t\t<div class=\"vamtam-has-theme-widget-styles elementor-element elementor-element-f787d54 elementor-widget elementor-widget-heading\" data-id=\"f787d54\" data-element_type=\"widget\" data-e-type=\"widget\" data-settings=\"{&quot;motion_fx_motion_fx_scrolling&quot;:&quot;yes&quot;,&quot;motion_fx_devices&quot;:[&quot;desktop&quot;,&quot;tablet&quot;,&quot;mobile&quot;]}\" data-widget_type=\"heading.default\">\n\t\t\t\t<div class=\"elementor-widget-container\">\n\t\t\t\t\t<h3 class=\"elementor-heading-title elementor-size-default\">K\u00fcldet\u00e9s\u00fcnk tisztas\u00e1g\u00e1nak \u00e9s a benne \u00e9rintettek mag\u00e1n\u00e9let\u00e9nek v\u00e9delme \u00e9rdek\u00e9ben csapatunk n\u00e9vtelen marad. Nem \u00e1llunk kapcsolatban sem klubbal, sem lig\u00e1val, sem sz\u00f6vets\u00e9ggel. Munk\u00e1nk f\u00fcggetlen, \u00f6nk\u00e9ntes alapon m\u0171k\u00f6dik, \u00e9s kiz\u00e1r\u00f3lag a t\u00f6r\u0151d\u00e9s \u00e9s az elk\u00f6telezetts\u00e9g vez\u00e9rli \u2014 nem a konfliktus.<\/h3>\t\t\t\t<\/div>\n\t\t\t\t<\/div>\n\t\t\t\t<\/div>\n\t\t\t\t\t<\/div>\n\t\t\t\t<\/div>\n\t\t<div class=\"elementor-element elementor-element-b63c8b9 e-flex e-con-boxed e-con e-parent\" data-id=\"b63c8b9\" data-element_type=\"container\" data-e-type=\"container\">\n\t\t\t\t\t<div class=\"e-con-inner\">\n\t\t<div class=\"elementor-element elementor-element-7bdab9f e-con-full e-flex e-con e-child\" data-id=\"7bdab9f\" data-element_type=\"container\" data-e-type=\"container\">\n\t\t\t\t<div class=\"elementor-element elementor-element-0a2db20 elementor-widget elementor-widget-text-editor\" data-id=\"0a2db20\" data-element_type=\"widget\" data-e-type=\"widget\" data-widget_type=\"text-editor.default\">\n\t\t\t\t<div class=\"elementor-widget-container\">\n\t\t\t\t\t\t\t\t\t<p data-start=\"1044\" data-end=\"1415\">C\u00e9lunk egy olyan labdar\u00fag\u00f3-k\u00f6rnyezet megteremt\u00e9se, ahol minden r\u00e9sztvev\u0151 f\u00e9lelem, diszkrimin\u00e1ci\u00f3 \u00e9s zaklat\u00e1s n\u00e9lk\u00fcl fejl\u0151dhet \u00e9s \u00e9rv\u00e9nyes\u00fclhet. A megsz\u00f3lal\u00e1s, az inform\u00e1ci\u00f3megoszt\u00e1s \u00e9s a r\u00e1szorul\u00f3k t\u00e1mogat\u00e1sa r\u00e9v\u00e9n szeretn\u00e9nk a magyar labdar\u00fag\u00e1st biztons\u00e1gosabb\u00e1, igazs\u00e1gosabb\u00e1 \u00e9s befogad\u00f3bb\u00e1 tenni mindenki sz\u00e1m\u00e1ra.<\/p>\n<p data-start=\"1417\" data-end=\"1719\">Arra h\u00edvjuk a j\u00e1t\u00e9kosokat, csal\u00e1dokat \u00e9s edz\u0151ket, akik osztoznak ebben a j\u00f6v\u0151k\u00e9pben, hogy l\u00e9pjenek kapcsolatba vel\u00fcnk. Egy\u00fctt biztos\u00edthatjuk, hogy az \u00e1ltalunk szeretett sport val\u00f3ban a legnemesebb \u00e9rt\u00e9keit k\u00e9pviselje \u2014 ahol a tehets\u00e9get t\u00e1mogatj\u00e1k, a biztons\u00e1g els\u0151dleges, \u00e9s a m\u00e9lt\u00f3s\u00e1g soha nem s\u00e9r\u00fcl.<\/p>\t\t\t\t\t\t\t\t<\/div>\n\t\t\t\t<\/div>\n\t\t\t\t<\/div>\n\t\t\t\t\t<\/div>\n\t\t\t\t<\/div>\n\t\t<div class=\"elementor-element elementor-element-c6f4fd8 e-flex e-con-boxed e-con e-parent\" data-id=\"c6f4fd8\" data-element_type=\"container\" data-e-type=\"container\" data-settings=\"{&quot;background_background&quot;:&quot;classic&quot;}\">\n\t\t\t\t\t<div class=\"e-con-inner\">\n\t\t\t\t<div class=\"elementor-element elementor-element-342c893 elementor-absolute elementor-widget elementor-widget-menu-anchor\" data-id=\"342c893\" data-element_type=\"widget\" data-e-type=\"widget\" data-settings=\"{&quot;_position&quot;:&quot;absolute&quot;}\" data-widget_type=\"menu-anchor.default\">\n\t\t\t\t<div class=\"elementor-widget-container\">\n\t\t\t\t\t\t\t<div class=\"elementor-menu-anchor\" id=\"People\"><\/div>\n\t\t\t\t\t\t<\/div>\n\t\t\t\t<\/div>\n\t\t<div class=\"elementor-element elementor-element-1ef4e19 e-con-full e-flex e-con e-child\" data-id=\"1ef4e19\" data-element_type=\"container\" data-e-type=\"container\">\n\t\t<div class=\"elementor-element elementor-element-93786b7 e-con-full e-flex e-con e-child\" data-id=\"93786b7\" data-element_type=\"container\" data-e-type=\"container\">\n\t\t\t\t<div class=\"vamtam-has-theme-widget-styles elementor-element elementor-element-b1cc03e elementor-widget elementor-widget-heading\" data-id=\"b1cc03e\" data-element_type=\"widget\" data-e-type=\"widget\" data-widget_type=\"heading.default\">\n\t\t\t\t<div class=\"elementor-widget-container\">\n\t\t\t\t\t<h6 class=\"elementor-heading-title elementor-size-default\">Emberek<\/h6>\t\t\t\t<\/div>\n\t\t\t\t<\/div>\n\t\t\t\t<\/div>\n\t\t<div class=\"elementor-element elementor-element-b6f00b1 e-con-full e-flex e-con e-child\" data-id=\"b6f00b1\" data-element_type=\"container\" data-e-type=\"container\">\n\t\t\t\t<div class=\"vamtam-has-theme-widget-styles elementor-element elementor-element-8a31bd1 elementor-widget__width-initial elementor-widget-tablet__width-inherit elementor-widget elementor-widget-heading\" data-id=\"8a31bd1\" data-element_type=\"widget\" data-e-type=\"widget\" data-widget_type=\"heading.default\">\n\t\t\t\t<div class=\"elementor-widget-container\">\n\t\t\t\t\t<h3 class=\"elementor-heading-title elementor-size-default\">V\u00e1rjuk mindazokat a j\u00e1t\u00e9kosokat, csal\u00e1dokat \u00e9s edz\u0151ket, akik azonosulnak ezzel a k\u00fcldet\u00e9ssel.<\/h3>\t\t\t\t<\/div>\n\t\t\t\t<\/div>\n\t\t\t\t<div class=\"elementor-element elementor-element-dc4c5bc elementor-widget__width-initial elementor-widget-tablet__width-inherit elementor-widget elementor-widget-text-editor\" data-id=\"dc4c5bc\" data-element_type=\"widget\" data-e-type=\"widget\" data-widget_type=\"text-editor.default\">\n\t\t\t\t<div class=\"elementor-widget-container\">\n\t\t\t\t\t\t\t\t\t<p data-start=\"1828\" data-end=\"2012\">Egy\u00fctt el\u00e9rhetj\u00fck, hogy a sport, amelyet szeret\u00fcnk, val\u00f3ban megfeleljen a legmagasabb eszm\u00e9inek \u2014 ahol a tehets\u00e9g kibontakozhat, a biztons\u00e1g alapvet\u0151 \u00e9rt\u00e9k, \u00e9s a m\u00e9lt\u00f3s\u00e1g s\u00e9rthetetlen.<\/p>\n<p data-start=\"2014\" data-end=\"2056\">\u00a0<\/p>\t\t\t\t\t\t\t\t<\/div>\n\t\t\t\t<\/div>\n\t\t\t\t<\/div>\n\t\t\t\t<\/div>\n\t\t<div class=\"elementor-element elementor-element-16dbbc5 e-grid e-con-full e-con e-child\" data-id=\"16dbbc5\" data-element_type=\"container\" data-e-type=\"container\">\n\t\t\t\t<div class=\"elementor-element elementor-element-1606108 elementor-widget elementor-widget-image\" data-id=\"1606108\" data-element_type=\"widget\" data-e-type=\"widget\" data-widget_type=\"image.default\">\n\t\t\t\t<div class=\"elementor-widget-container\">\n\t\t\t\t\t\t\t\t\t\t\t\t\t\t\t<img decoding=\"async\" width=\"790\" height=\"950\" src=\"https:\/\/safepitch.org\/wp-content\/uploads\/2025\/10\/f7.jpg\" class=\"attachment-large size-large wp-image-987778\" alt=\"\" srcset=\"https:\/\/safepitch.org\/wp-content\/uploads\/2025\/10\/f7.jpg 790w, https:\/\/safepitch.org\/wp-content\/uploads\/2025\/10\/f7-249x300.jpg 249w, https:\/\/safepitch.org\/wp-content\/uploads\/2025\/10\/f7-768x924.jpg 768w\" sizes=\"(max-width: 790px) 100vw, 790px\" \/>\t\t\t\t\t\t\t\t\t\t\t\t\t\t\t<\/div>\n\t\t\t\t<\/div>\n\t\t\t\t<div class=\"elementor-element elementor-element-f7c640f elementor-widget elementor-widget-image\" data-id=\"f7c640f\" data-element_type=\"widget\" data-e-type=\"widget\" data-widget_type=\"image.default\">\n\t\t\t\t<div class=\"elementor-widget-container\">\n\t\t\t\t\t\t\t\t\t\t\t\t\t\t\t<img decoding=\"async\" width=\"790\" height=\"950\" src=\"https:\/\/safepitch.org\/wp-content\/uploads\/2025\/10\/f2.jpg\" class=\"attachment-large size-large wp-image-987777\" alt=\"\" srcset=\"https:\/\/safepitch.org\/wp-content\/uploads\/2025\/10\/f2.jpg 790w, https:\/\/safepitch.org\/wp-content\/uploads\/2025\/10\/f2-249x300.jpg 249w, https:\/\/safepitch.org\/wp-content\/uploads\/2025\/10\/f2-768x924.jpg 768w\" sizes=\"(max-width: 790px) 100vw, 790px\" \/>\t\t\t\t\t\t\t\t\t\t\t\t\t\t\t<\/div>\n\t\t\t\t<\/div>\n\t\t\t\t<div class=\"elementor-element elementor-element-229ee60 elementor-widget elementor-widget-image\" data-id=\"229ee60\" data-element_type=\"widget\" data-e-type=\"widget\" data-widget_type=\"image.default\">\n\t\t\t\t<div class=\"elementor-widget-container\">\n\t\t\t\t\t\t\t\t\t\t\t\t\t\t\t<img loading=\"lazy\" decoding=\"async\" width=\"790\" height=\"950\" src=\"https:\/\/safepitch.org\/wp-content\/uploads\/2025\/10\/f1.jpg\" class=\"attachment-large size-large wp-image-987772\" alt=\"\" srcset=\"https:\/\/safepitch.org\/wp-content\/uploads\/2025\/10\/f1.jpg 790w, https:\/\/safepitch.org\/wp-content\/uploads\/2025\/10\/f1-249x300.jpg 249w, https:\/\/safepitch.org\/wp-content\/uploads\/2025\/10\/f1-768x924.jpg 768w\" sizes=\"(max-width: 790px) 100vw, 790px\" \/>\t\t\t\t\t\t\t\t\t\t\t\t\t\t\t<\/div>\n\t\t\t\t<\/div>\n\t\t\t\t<div class=\"elementor-element elementor-element-d66f5fd elementor-widget elementor-widget-image\" data-id=\"d66f5fd\" data-element_type=\"widget\" data-e-type=\"widget\" data-widget_type=\"image.default\">\n\t\t\t\t<div class=\"elementor-widget-container\">\n\t\t\t\t\t\t\t\t\t\t\t\t\t\t\t<img loading=\"lazy\" decoding=\"async\" width=\"790\" height=\"950\" src=\"https:\/\/safepitch.org\/wp-content\/uploads\/2025\/10\/f6.jpg\" class=\"attachment-large size-large wp-image-987773\" alt=\"\" srcset=\"https:\/\/safepitch.org\/wp-content\/uploads\/2025\/10\/f6.jpg 790w, https:\/\/safepitch.org\/wp-content\/uploads\/2025\/10\/f6-249x300.jpg 249w, https:\/\/safepitch.org\/wp-content\/uploads\/2025\/10\/f6-768x924.jpg 768w\" sizes=\"(max-width: 790px) 100vw, 790px\" \/>\t\t\t\t\t\t\t\t\t\t\t\t\t\t\t<\/div>\n\t\t\t\t<\/div>\n\t\t\t\t<div class=\"elementor-element elementor-element-31822d5 elementor-widget elementor-widget-image\" data-id=\"31822d5\" data-element_type=\"widget\" data-e-type=\"widget\" data-widget_type=\"image.default\">\n\t\t\t\t<div class=\"elementor-widget-container\">\n\t\t\t\t\t\t\t\t\t\t\t\t\t\t\t<img loading=\"lazy\" decoding=\"async\" width=\"790\" height=\"950\" src=\"https:\/\/safepitch.org\/wp-content\/uploads\/2025\/10\/f4.jpg\" class=\"attachment-large size-large wp-image-987775\" alt=\"\" srcset=\"https:\/\/safepitch.org\/wp-content\/uploads\/2025\/10\/f4.jpg 790w, https:\/\/safepitch.org\/wp-content\/uploads\/2025\/10\/f4-249x300.jpg 249w, https:\/\/safepitch.org\/wp-content\/uploads\/2025\/10\/f4-768x924.jpg 768w\" sizes=\"(max-width: 790px) 100vw, 790px\" \/>\t\t\t\t\t\t\t\t\t\t\t\t\t\t\t<\/div>\n\t\t\t\t<\/div>\n\t\t\t\t<div class=\"elementor-element elementor-element-9870dcf elementor-widget elementor-widget-image\" data-id=\"9870dcf\" data-element_type=\"widget\" data-e-type=\"widget\" data-widget_type=\"image.default\">\n\t\t\t\t<div class=\"elementor-widget-container\">\n\t\t\t\t\t\t\t\t\t\t\t\t\t\t\t<img loading=\"lazy\" decoding=\"async\" width=\"790\" height=\"950\" src=\"https:\/\/safepitch.org\/wp-content\/uploads\/2025\/10\/f3.jpg\" class=\"attachment-large size-large wp-image-987776\" alt=\"\" srcset=\"https:\/\/safepitch.org\/wp-content\/uploads\/2025\/10\/f3.jpg 790w, https:\/\/safepitch.org\/wp-content\/uploads\/2025\/10\/f3-249x300.jpg 249w, https:\/\/safepitch.org\/wp-content\/uploads\/2025\/10\/f3-768x924.jpg 768w\" sizes=\"(max-width: 790px) 100vw, 790px\" \/>\t\t\t\t\t\t\t\t\t\t\t\t\t\t\t<\/div>\n\t\t\t\t<\/div>\n\t\t\t\t<div class=\"elementor-element elementor-element-491dcd5 elementor-widget elementor-widget-image\" data-id=\"491dcd5\" data-element_type=\"widget\" data-e-type=\"widget\" data-widget_type=\"image.default\">\n\t\t\t\t<div class=\"elementor-widget-container\">\n\t\t\t\t\t\t\t\t\t\t\t\t\t\t\t<img loading=\"lazy\" decoding=\"async\" width=\"790\" height=\"950\" src=\"https:\/\/safepitch.org\/wp-content\/uploads\/2025\/10\/f8.jpg\" class=\"attachment-large size-large wp-image-987779\" alt=\"\" srcset=\"https:\/\/safepitch.org\/wp-content\/uploads\/2025\/10\/f8.jpg 790w, https:\/\/safepitch.org\/wp-content\/uploads\/2025\/10\/f8-249x300.jpg 249w, https:\/\/safepitch.org\/wp-content\/uploads\/2025\/10\/f8-768x924.jpg 768w\" sizes=\"(max-width: 790px) 100vw, 790px\" \/>\t\t\t\t\t\t\t\t\t\t\t\t\t\t\t<\/div>\n\t\t\t\t<\/div>\n\t\t\t\t<div class=\"elementor-element elementor-element-aaa6e16 elementor-widget elementor-widget-image\" data-id=\"aaa6e16\" data-element_type=\"widget\" data-e-type=\"widget\" data-widget_type=\"image.default\">\n\t\t\t\t<div class=\"elementor-widget-container\">\n\t\t\t\t\t\t\t\t\t\t\t\t\t\t\t<img loading=\"lazy\" decoding=\"async\" width=\"790\" height=\"950\" src=\"https:\/\/safepitch.org\/wp-content\/uploads\/2025\/10\/f5.jpg\" class=\"attachment-large size-large wp-image-987774\" alt=\"\" srcset=\"https:\/\/safepitch.org\/wp-content\/uploads\/2025\/10\/f5.jpg 790w, https:\/\/safepitch.org\/wp-content\/uploads\/2025\/10\/f5-249x300.jpg 249w, https:\/\/safepitch.org\/wp-content\/uploads\/2025\/10\/f5-768x924.jpg 768w\" sizes=\"(max-width: 790px) 100vw, 790px\" \/>\t\t\t\t\t\t\t\t\t\t\t\t\t\t\t<\/div>\n\t\t\t\t<\/div>\n\t\t\t\t<\/div>\n\t\t\t\t<div class=\"elementor-element elementor-element-2287f5b elementor-widget elementor-widget-spacer\" data-id=\"2287f5b\" data-element_type=\"widget\" data-e-type=\"widget\" data-widget_type=\"spacer.default\">\n\t\t\t\t<div class=\"elementor-widget-container\">\n\t\t\t\t\t\t\t<div class=\"elementor-spacer\">\n\t\t\t<div class=\"elementor-spacer-inner\"><\/div>\n\t\t<\/div>\n\t\t\t\t\t\t<\/div>\n\t\t\t\t<\/div>\n\t\t\t\t<div class=\"vamtam-has-theme-widget-styles elementor-element elementor-element-85fb8bf elementor-widget elementor-widget-heading\" data-id=\"85fb8bf\" data-element_type=\"widget\" data-e-type=\"widget\" data-widget_type=\"heading.default\">\n\t\t\t\t<div class=\"elementor-widget-container\">\n\t\t\t\t\t<h2 class=\"elementor-heading-title elementor-size-default\">CSATLAKOZZ TE IS - Jelentkezz \u00f6nk\u00e9ntesnek<\/h2>\t\t\t\t<\/div>\n\t\t\t\t<\/div>\n\t\t\t\t<div class=\"vamtam-has-theme-widget-styles elementor-element elementor-element-73168d7 elementor-invisible elementor-widget elementor-widget-button\" data-id=\"73168d7\" data-element_type=\"widget\" data-e-type=\"widget\" data-settings=\"{&quot;_animation&quot;:&quot;fadeInUp&quot;,&quot;_animation_tablet&quot;:&quot;none&quot;}\" data-widget_type=\"button.default\">\n\t\t\t\t<div class=\"elementor-widget-container\">\n\t\t\t\t\t\t\t\t\t<div class=\"elementor-button-wrapper\">\n\t\t\t\t\t<a class=\"elementor-button elementor-button-link elementor-size-sm\" href=\"mailto:sweurope@proton.me?subject=Volunteer\">\n\t\t\t\t\t\t<span class=\"elementor-button-content-wrapper\">\n\t\t\t\t\t\t<span class=\"elementor-button-icon\">\n\t\t\t\t<i aria-hidden=\"true\" class=\"vamtamtheme- vamtam-theme-arrow-right-top\"><\/i>\t\t\t<\/span>\n\t\t\t\t\t\t\t\t\t<span class=\"elementor-button-text\">\u00cdrj E-mailt<\/span>\n\t\t\t\t\t<\/span>\n\t\t\t\t\t<\/a>\n\t\t\t\t<\/div>\n\t\t\t\t\t\t\t\t<\/div>\n\t\t\t\t<\/div>\n\t\t\t\t\t<\/div>\n\t\t\t\t<\/div>\n\t\t\t\t<\/div>\n\t\t","protected":false},"excerpt":{"rendered":"<p>A Safe Pitchr\u0151l<\/p>\n","protected":false},"author":1,"featured_media":987987,"parent":0,"menu_order":0,"comment_status":"closed","ping_status":"closed","template":"","meta":{"footnotes":""},"class_list":["post-987978","page","type-page","status-publish","has-post-thumbnail","hentry"],"_links":{"self":[{"href":"https:\/\/safepitch.org\/hu\/wp-json\/wp\/v2\/pages\/987978","targetHints":{"allow":["GET"]}}],"collection":[{"href":"https:\/\/safepitch.org\/hu\/wp-json\/wp\/v2\/pages"}],"about":[{"href":"https:\/\/safepitch.org\/hu\/wp-json\/wp\/v2\/types\/page"}],"author":[{"embeddable":true,"href":"https:\/\/safepitch.org\/hu\/wp-json\/wp\/v2\/users\/1"}],"replies":[{"embeddable":true,"href":"https:\/\/safepitch.org\/hu\/wp-json\/wp\/v2\/comments?post=987978"}],"version-history":[{"count":4,"href":"https:\/\/safepitch.org\/hu\/wp-json\/wp\/v2\/pages\/987978\/revisions"}],"predecessor-version":[{"id":987996,"href":"https:\/\/safepitch.org\/hu\/wp-json\/wp\/v2\/pages\/987978\/revisions\/987996"}],"wp:featuredmedia":[{"embeddable":true,"href":"https:\/\/safepitch.org\/hu\/wp-json\/wp\/v2\/media\/987987"}],"wp:attachment":[{"href":"https:\/\/safepitch.org\/hu\/wp-json\/wp\/v2\/media?parent=987978"}],"curies":[{"name":"wp","href":"https:\/\/api.w.org\/{rel}","templated":true}]}}